{"id":80,"date":"2018-12-23T13:40:05","date_gmt":"2018-12-23T13:40:05","guid":{"rendered":"http:\/\/www.zangenzo.nl\/?page_id=80"},"modified":"2026-05-06T20:11:03","modified_gmt":"2026-05-06T20:11:03","slug":"welkom","status":"publish","type":"page","link":"https:\/\/zangenzo.nl\/","title":{"rendered":"Welkom"},"content":{"rendered":"<div class=\"et_pb_section_0 et_pb_section et_section_specialty et_pb_equal_columns et_pb_gutters1 et_block_section section_has_divider et_pb_bottom_divider\"><div class=\"et_pb_row et_block_row\">\n<div class=\"et_pb_column_0 et_pb_column et_pb_column_single et_pb_column_1_2 et_block_column et_pb_css_mix_blend_mode_passthrough\">\n<div class=\"et_pb_divider_0 et_pb_divider_hidden et_pb_space et_pb_divider_position_top et_pb_module\"><div class=\"et_pb_divider_internal\"><\/div><\/div>\n<\/div>\n\n<div class=\"et_pb_column_1 et_pb_column et_pb_specialty_column et_pb_column_1_2 et-last-child et_block_column et_pb_css_mix_blend_mode_passthrough\">\n<div class=\"et_pb_row_inner_0 et_pb_row_inner et_block_row\">\n<div class=\"et_pb_column_inner_0 et_pb_column_inner et_pb_column et_pb_column_1_4 et_block_column et_pb_css_mix_blend_mode_passthrough\">\n<div class=\"et_pb_text_0 et_pb_text et_pb_bg_layout_light et_animated et_pb_module et_block_module\"><div class=\"et_pb_text_inner\"><h2><span style=\"font-family: Arial; font-size: xx-large; font-weight: normal;\"><span style=\"color: #ffffff;\">\u00a0zang en zo<\/span><\/span><\/h2>\n<p>\u00a0 <span style=\"font-size: medium;\">De leukste zangschool in Berkel Enschot<\/span><\/p>\n<h6><\/h6>\n<\/div><\/div>\n<\/div>\n\n<div class=\"et_pb_column_inner_1 et_pb_column_inner et_pb_column et_pb_column_1_4 et-last-child et_block_column et_pb_css_mix_blend_mode_passthrough\">\n<div class=\"et_pb_image_0 et_pb_image et_pb_module et_block_module\"><span class=\"et_pb_image_wrap\"><img decoding=\"async\" src=\"http:\/\/www.zangenzo.nl\/wp-content\/uploads\/2018\/12\/logo1.png\" \/><\/span><\/div>\n<\/div>\n<\/div>\n\n<div class=\"et_pb_row_inner_1 et_pb_row_inner et_pb_equal_columns et_block_row\">\n<div class=\"et_pb_column_inner_2 et_pb_column_inner et_pb_column et_pb_column_1_4 et_block_column et_pb_css_mix_blend_mode_passthrough\">\n<div class=\"et_pb_cta_0 et_pb_promo et_pb_bg_layout_light et_animated et_pb_module et_block_module\"><div class=\"et_pb_promo_description\"><h3 class=\"et_pb_module_header\">Priv\u00e9 zanglessen<\/h3><div class=\"et_pb_promo_content\"><p><span style=\"color: #001f28;\">Zanglessen voor jong en oud, m\u00e9t of zonder ervaring. Ga met mij op zoek naar je pure stemgeluid en ontdek dat je v\u00e9\u00e9l meer kunt dan je denkt!<\/span><\/p>\n<\/div><\/div><\/div>\n<\/div>\n\n<div class=\"et_pb_column_inner_3 et_pb_column_inner et_pb_column et_pb_column_1_4 et-last-child et_block_column et_pb_css_mix_blend_mode_passthrough\">\n<div class=\"et_pb_cta_1 et_pb_promo et_pb_bg_layout_light et_animated et_pb_module et_block_module\"><div class=\"et_pb_promo_description\"><h3 class=\"et_pb_module_header\">Workshops en coaching<\/h3><div class=\"et_pb_promo_content\"><p><span style=\"font-size: medium;\"><span style=\"color: #04344c;\">Op een ongedwongen manier kennis maken met de grondbeginselen van stemtechniek? Ik verzorg op maat gesneden <a href=\"http:\/\/www.zangenzo.nl\/workshiops-en-coaching\/\">workshops <\/a>voor zanggroepen en koren.<\/span>\u00a0<\/span><\/p>\n<\/div><\/div><\/div>\n<\/div>\n<\/div>\n<\/div>\n<\/div><div class=\"et_pb_bottom_inside_divider et-no-transition\"><\/div><\/div>\n\n<div class=\"et_pb_section_1 et_pb_section et_section_regular et_block_section\">\n<div class=\"et_pb_row_0 et_pb_row et_pb_row_5col et_pb_equal_columns et_pb_gutters1 et_block_row et_block_row_5col et_pb_row_fullwidth\">\n<div class=\"et_pb_column_2 et_pb_column et_pb_column_1_5 et_block_column et_pb_css_mix_blend_mode_passthrough\">\n<div class=\"et_pb_blurb_0 et_pb_blurb et_pb_bg_layout_dark et_pb_text_align_center et_pb_blurb_position_top et_animated et_pb_module et_block_module\"><div class=\"et_pb_blurb_content\"><div class=\"et_pb_blurb_container\"><h3 class=\"et_pb_module_header\">Lestijden<\/h3><div class=\"et_pb_blurb_description\"><p><span style=\"font-size: large; color: #515151;\"><span style=\"margin: 0px; line-height: 107%; font-family: inherit;\"><span color=\"#000000\">Lestijden worden in overleg met de leerling afgesproken. De lessen vinden plaats van maandag tot en met vrijdag in de ochtend en middag.\u00a0<\/span><\/span><\/span><\/p>\n<\/div><\/div><\/div><\/div>\n<\/div>\n\n<div class=\"et_pb_column_3 et_pb_column et_pb_column_1_5 et_block_column et_pb_css_mix_blend_mode_passthrough\">\n<div class=\"et_pb_blurb_1 et_pb_blurb et_pb_bg_layout_dark et_pb_text_align_center et_pb_blurb_position_top et_animated et_pb_module et_block_module\"><div class=\"et_pb_blurb_content\"><div class=\"et_pb_blurb_container\"><h3 class=\"et_pb_module_header\">Voor wie?<\/h3><div class=\"et_pb_blurb_description\"><p>In principe zijn mijn lessen voor iedereen! Jong of oud, met of zonder zang-ervaring.\u00a0 De minimale leeftijdsgrens is \u00a012 jaar<\/p>\n<\/div><\/div><\/div><\/div>\n<\/div>\n\n<div class=\"et_pb_column_4 et_pb_column et_pb_column_1_5 et_block_column et_pb_css_mix_blend_mode_passthrough\">\n<div class=\"et_pb_blurb_2 et_pb_blurb et_pb_bg_layout_dark et_pb_text_align_center et_pb_blurb_position_top et_animated et_pb_module et_block_module\"><div class=\"et_pb_blurb_content\"><div class=\"et_pb_blurb_container\"><h3 class=\"et_pb_module_header\">Van zingen word je blij!<\/h3><div class=\"et_pb_blurb_description\"><p>Alhoewel zingen soms zwaar werk kan zijn, worden de lessen ervaren als ontspannend. Even tijd voor jezelf, de focus op je lichaam, en even lekker bezig zijn met muziek die jij mooi vindt! Dit kan pop, jazz, musical of klassiek repertoire zijn. We werken aan ademhaling, houding,\u00a0 ontspanning van het lichaam, stemtechniek, focus en muzikale interpretatie.<\/p>\n<\/div><\/div><\/div><\/div>\n<\/div>\n\n<div class=\"et_pb_column_5 et_pb_column et_pb_column_1_5 et_block_column et_pb_css_mix_blend_mode_passthrough\">\n<div class=\"et_pb_blurb_3 et_pb_blurb et_pb_bg_layout_dark et_pb_text_align_center et_pb_blurb_position_top et_animated et_pb_module et_block_module\"><div class=\"et_pb_blurb_content\"><div class=\"et_pb_blurb_container\"><h3 class=\"et_pb_module_header\">Muziektheorie en piano<\/h3><div class=\"et_pb_blurb_description\"><p style=\"margin: 0px 0px 10.66px;\">Als je zou willen leren om jezelf op eenvoudige wijze op de piano te begeleiden bied ik ook die mogelijkheid. Je leert dan muziektheorie voor beginners en het spelen van akkoorden op de piano. Dit kan ook in combinatie met zanglessen.<\/p>\n<\/div><\/div><\/div><\/div>\n<\/div>\n\n<div class=\"et_pb_column_6 et_pb_column et_pb_column_1_5 et-last-child et_block_column et_pb_css_mix_blend_mode_passthrough\">\n<div class=\"et_pb_blurb_4 et_pb_blurb et_pb_bg_layout_dark et_pb_text_align_center et_pb_blurb_position_top et_animated et_pb_module et_block_module\"><div class=\"et_pb_blurb_content\"><div class=\"et_pb_blurb_container\"><h3 class=\"et_pb_module_header\">Proefles<\/h3><div class=\"et_pb_blurb_description\"><p style=\"text-align: center;\">\u00a0 \u00a0 Je mag altijd een afspraak maken om kennis te komen maken of om een les van iemand anders bij te wonen. Ook een proefles van 30 minuten behoort tot de mogelijkheden.\u00a0 Bel of stuur een appje voor afspraak! 0623031295<\/p>\n<\/div><\/div><\/div><\/div>\n<\/div>\n<\/div>\n<\/div>\n\n<div class=\"et_pb_section_2 et_pb_section et_section_regular et_block_section et-pb-has-background-video et_pb_preload section_has_divider et_pb_top_divider et_pb_bottom_divider\"><div class=\"et_pb_top_inside_divider et-no-transition\"><\/div><span class=\"et-pb-background-video\"><video autoplay loop playsinline muted><source type=\"video\/mp4\" src=\"http:\/\/www.zangenzo.nl\/wp-content\/uploads\/2019\/02\/Erica-van-der-Meer_1.mp4\" \/><\/video><\/span><div class=\"et_pb_bottom_inside_divider et-no-transition\"><\/div><\/div>\n\n<div class=\"et_pb_section_3 et_pb_section et_section_regular et_block_section\">\n<div class=\"et_pb_row_1 et_pb_row et_pb_gutters1 et_block_row\">\n<div class=\"et_pb_column_7 et_pb_column et_pb_column_1_2 et_block_column et_pb_css_mix_blend_mode_passthrough\">\n<div class=\"et_pb_cta_2 et_pb_promo et_pb_bg_layout_light et_animated et_pb_module et_block_module\"><div class=\"et_pb_promo_description\"><h2 class=\"et_pb_module_header\">Over mij<\/h2><div class=\"et_pb_promo_content\"><p>&nbsp;<\/p>\n<div class=\"fluid-width-video-wrapper\"><iframe id=\"fitvid0\" src=\"https:\/\/www.youtube.com\/embed\/T4B6SlTGoN8?start=82&amp;feature=oembed\" frameborder=\"0\" allowfullscreen=\"\" allow=\"accelerometer; autoplay; encrypted-media; gyroscope; picture-in-picture\"><\/iframe><\/div>\n<p><span style=\"font-size: 18px;\" size=\"3\">Mijn naam is Erica van der Meer en ik ben geboren in 1971. Van jongs af aan ben ik gek op muziek, film, theater en met name zang. Toen ik 14 jaar was\u00a0<\/span><span style=\"font-size: 18px;\" size=\"3\">\u00a0begon ik met het nemen van zanglessen. De menselijke stem fascineerde mij enorm, de emoties, de buigzaamheid, de verschillende klankkleuren en vooral het unieke van elke stem. Dat je als persoon met je eigen inwendige instrument muziek kunt maken is iets wat mij nog steeds kan verbazen. Het is een vak en een hele kunst om dat unieke instrument te leren aansturen en bespelen! Ik ben tot op heden actief als uitvoerend zangeres, songwriter\/tekstdichter \u00a0en heb kennis van Complete Vocal Technique, een unieke vrij jonge zangtechniek die uitermate geschikt is voor zangers van lichte muziek. <\/span><span style=\"font-size: 18px;\"><span color=\"#000000\" size=\"3\">Omdat ik de kunst van het zingen\u00a0 graag met andere zang-\u00a0 en muziekliefhebbers wilde delen ben ik in 1996 begonnen met mijn eigen zangschool in Berkel Enschot. Man, vrouw, jong, oud, wel of geen ervaring..... ik zie in elke leerling een uitdaging! Ik hoop nog heel lang mensen te mogen begeleiden in de zoektocht naar hun unieke stemgeluid.<\/span><\/span><\/p>\n<p><span style=\"font-size: 18px;\"><span color=\"#000000\" size=\"3\"><\/span><\/span><\/p>\n<p>Bekijk hier het hele filmpje!<span style=\"font-size: 18px;\"><span color=\"#000000\" size=\"3\"><\/span><\/span><\/p>\n<div class=\"fluid-width-video-wrapper\" style=\"padding-top: 56.2963%;\"><iframe id=\"fitvid0\" src=\"https:\/\/www.youtube.com\/embed\/T4B6SlTGoN8?start=82&amp;feature=oembed\" frameborder=\"0\" allowfullscreen=\"\" allow=\"accelerometer; autoplay; encrypted-media; gyroscope; picture-in-picture\"><\/iframe><\/div>\n<p>&nbsp;<\/p>\n<h1 style=\"margin: 0px 0px 10.66px;\"><span style=\"margin: 0px; color: #333333; font-family: 'Calibri Light',sans-serif; font-size: medium;\"><span color=\"#000000\" size=\"3\"><\/span><\/span><\/h1>\n<\/div><\/div><\/div>\n\n<div class=\"et_pb_code_0 et_pb_code et_clickable et_pb_module\"><\/div>\n<\/div>\n\n<div class=\"et_pb_column_8 et_pb_column et_pb_column_1_2 et-last-child et_block_column et_pb_css_mix_blend_mode_passthrough\">\n<div class=\"et_pb_signup_0 et_pb_signup et_pb_newsletter et_pb_subscribe et_pb_bg_layout_dark et_pb_text_align_center et_clickable et_pb_module et_flex_module\"><div class=\"et_pb_newsletter_description\"><h2 class=\"et_pb_module_header\">Volg mij op facebook!<\/h2><div class=\"et_pb_newsletter_description_content\"><p><img loading=\"lazy\" decoding=\"async\" src=\"http:\/\/www.zangenzo.nl\/wp-content\/uploads\/2019\/03\/584ac2ef3ac3a570f94a666e-300x227.png\" width=\"300\" height=\"227\" alt=\"\" class=\"wp-image-438 alignnone size-medium\" \/><\/p>\n<\/div><\/div><div class=\"et_pb_newsletter_form\"><form method=\"post\" class=\"\"><div class=\"et_pb_newsletter_result et_pb_newsletter_error\"><\/div><div class=\"et_pb_newsletter_result et_pb_newsletter_success\"><h2>Success!<\/h2><\/div><div class=\"et_pb_newsletter_fields et_flex_module\"><p class=\"et_pb_newsletter_field et_pb_contact_field_last et_pb_contact_field_last_tablet et_pb_contact_field_last_phone\"><label class=\"et_pb_contact_form_label\" for=\"et_pb_signup_email\" style=\"display: none;\">Email<\/label><input class=\"input\" id=\"et_pb_signup_email\" type=\"text\" placeholder=\"Email\" name=\"et_pb_signup_email\" \/><\/p><p class=\"et_pb_newsletter_button_wrap\"><a class=\"et_pb_button et_pb_newsletter_button\" href=\"#\" data-icon=\"$\"><span class=\"et_subscribe_loader\"><\/span><span class=\"et_pb_newsletter_button_text\">Subscribe<\/span><\/a><\/p><\/div><input type=\"hidden\" name=\"et_pb_signup_provider\" value=\"mailchimp\" \/><input type=\"hidden\" name=\"et_pb_signup_list_id\" value=\"42d4a98af1\" \/><input type=\"hidden\" name=\"et_pb_signup_account_name\" value=\"SlavaET\" \/><input type=\"hidden\" name=\"et_pb_signup_ip_address\" value=\"true\" \/><input type=\"hidden\" name=\"et_pb_signup_checksum\" value=\"71232d7c312eeec0177abc94b4444019\" \/><\/form><\/div><\/div>\n<\/div>\n<\/div>\n<\/div>\n\n<div class=\"et_pb_section_4 et_pb_section et_section_regular et_block_section\">\n<div class=\"et_pb_row_2 et_pb_row et_block_row et_pb_row_fullwidth\">\n<div class=\"et_pb_column_9 et_pb_column et_pb_column_1_2 et_block_column et_pb_css_mix_blend_mode_passthrough\">\n<div class=\"et_pb_text_1 et_pb_text et_pb_bg_layout_light et_animated et_pb_module et_block_module\"><div class=\"et_pb_text_inner\"><p style=\"text-align: center;\"><strong>Nieuwsgierig?<\/strong><\/p>\n<p style=\"text-align: center;\">Probeer nu 3 lessen zonder verdere verplichtingen met de Zang en Zo strippenkaart.<\/p>\n<p style=\"text-align: center;\">Wil je iemand verrassen? De strippenkaart is er nu ook als cadeaubon!<\/p>\n<p style=\"text-align: center;\">leuk om te geven en n\u00f3g leuker om te krijgen!<\/p>\n<p style=\"text-align: center;\"><span style=\"font-size: medium;\"><a href=\"http:\/\/www.zangenzo.nl\/prijzen-en-huisregels\/\">Meer informatie bij Prijzen en huisregels<\/a><\/span><\/p>\n<p style=\"text-align: center;\"><span style=\"font-size: medium;\"><\/span><\/p>\n<p style=\"text-align: center;\"><span style=\"font-size: medium;\"><\/span><\/p>\n<\/div><\/div>\n<\/div>\n\n<div class=\"et_pb_column_10 et_pb_column et_pb_column_1_2 et-last-child et_block_column et_pb_css_mix_blend_mode_passthrough\">\n<div class=\"et_pb_image_1 et_pb_image et_pb_module et_block_module\"><span class=\"et_pb_image_wrap\"><img decoding=\"async\" src=\"http:\/\/www.zangenzo.nl\/wp-content\/uploads\/2019\/06\/kaarten-1.jpg\" \/><\/span><\/div>\n<\/div>\n<\/div>\n<\/div>\n\n<div class=\"et_pb_section_5 et_pb_section et_section_regular et_block_section section_has_divider et_pb_bottom_divider\">\n<div class=\"et_pb_row_3 et_pb_row et_block_row\">\n<div class=\"et_pb_column_11 et_pb_column et_pb_column_4_4 et-last-child et_block_column et_pb_css_mix_blend_mode_passthrough\">\n<div class=\"et_pb_text_2 et_pb_text et_pb_bg_layout_light et_pb_module et_block_module et_pb_text_align_center\"><div class=\"et_pb_text_inner\"><p>En d\u00edt vinden leerlingen er van......<\/p>\n<\/div><\/div>\n<\/div>\n<\/div>\n\n<div class=\"et_pb_row_4 et_pb_row et_block_row\">\n<div class=\"et_pb_column_12 et_pb_column et_pb_column_1_3 et_block_column et_pb_css_mix_blend_mode_passthrough\">\n<div class=\"et_pb_testimonial_0 et_pb_testimonial et_pb_icon_off et_pb_testimonial_no_image et_pb_bg_layout_light et_animated et_pb_module et_block_module\"><div class=\"et_pb_testimonial_inner\"><div class=\"et_pb_testimonial_description\"><div class=\"et_pb_testimonial_description_inner\"><div class=\"et_pb_testimonial_content\"><p>\"Professionele zangles in een huiskamersfeer. Erica weet je heel goed naar een hogere level te trekken. Fantastisch.\"<\/p>\n<p>John\u00a0<\/p>\n<\/div><\/div><div class=\"et_pb_testimonial_meta\"><\/div><\/div><\/div><\/div>\n\n<div class=\"et_pb_testimonial_1 et_pb_testimonial et_pb_icon_off et_pb_testimonial_no_image et_pb_bg_layout_light et_animated et_pb_module et_block_module\"><div class=\"et_pb_testimonial_inner\"><div class=\"et_pb_testimonial_description\"><div class=\"et_pb_testimonial_description_inner\"><div class=\"et_pb_testimonial_content\"><p>\"Erica is een combinatie van een hele lieve, betrokken en vrolijke meid die tegelijkertijd ook nog eens fantastisch mooi kan zingen\u00a0 en goed les geven. Het is een prachtig mooi en puur mens die leeft en les geeft vol passie en vanuit haar hart. Ze geeft les op een ontspannen en relaxte manier. Haar manier!!! Tijdens de les heeft Erica alle aandacht voor jou als leerling. het is echt jouw les. als het nodig is wordt het lesmateriaal ter plekke aangepast aan jouw niveau. echt maatwerk dus!!! En dat is superfijn. Iedere les is weer een feestje!!! Hopelijk gaat Erica nog jaren door met les geven.\"<\/p>\n<p>Hilda\u00a0<\/p>\n<\/div><\/div><div class=\"et_pb_testimonial_meta\"><\/div><\/div><\/div><\/div>\n<\/div>\n\n<div class=\"et_pb_column_13 et_pb_column et_pb_column_1_3 et_block_column et_pb_css_mix_blend_mode_passthrough\">\n<div class=\"et_pb_testimonial_2 et_pb_testimonial et_pb_icon_off et_pb_testimonial_no_image et_pb_bg_layout_light et_animated et_pb_module et_block_module\"><div class=\"et_pb_testimonial_inner\"><div class=\"et_pb_testimonial_description\"><div class=\"et_pb_testimonial_description_inner\"><div class=\"et_pb_testimonial_content\"><p>\"Jarenlang heb ik niet durven zingen waar andere mensen bij waren, dus ik vond het doodeng om een proefles te doen bij Erica, maar ik was meteen verkocht. Ze is geduldig en hartstikke lief voor haar leerlingen; ze legt alles goed uit, wel tien keer als dat nodig is. ze heeft altijd goede tips, maar geeft ook complimenten. ik ben nog steeds heel blij dat ik de stap heb durven zetten en dat ik voor Erica heb gekozen.\"<\/p>\n<p>Maddy<\/p>\n<\/div><\/div><div class=\"et_pb_testimonial_meta\"><\/div><\/div><\/div><\/div>\n\n<div class=\"et_pb_testimonial_3 et_pb_testimonial et_pb_icon_off et_pb_testimonial_no_image et_pb_bg_layout_light et_animated et_pb_module et_block_module\"><div class=\"et_pb_testimonial_inner\"><div class=\"et_pb_testimonial_description\"><div class=\"et_pb_testimonial_description_inner\"><div class=\"et_pb_testimonial_content\"><p>\"Ongeveer 5 jaar geleden begonnen met zangles bij Erica.<br \/> Met veel plezier ga ik elke keer weer naar de zangles mede door de gezellige persoon die Erica is.<br \/> In vergelijking met het begin merk ik veel verbetering, ik heb leren omgaan met spanning (ademhaling)<br \/> En merk dat daardoor ook mijn zang goed is verbeterd.<br \/> En natuurlijk Erica die me weet te corrigeren bij het het doen van juiste dingen, wat bij mij nog weleens nodig is.\"<\/p>\n<p>\u00a0Ren\u00e9<\/p>\n<p>&nbsp;<\/p>\n<\/div><\/div><div class=\"et_pb_testimonial_meta\"><\/div><\/div><\/div><\/div>\n<\/div>\n\n<div class=\"et_pb_column_14 et_pb_column et_pb_column_1_3 et-last-child et_block_column et_pb_css_mix_blend_mode_passthrough\">\n<div class=\"et_pb_testimonial_4 et_pb_testimonial et_pb_icon_off et_pb_testimonial_no_image et_pb_bg_layout_light et_animated et_pb_module et_block_module\"><div class=\"et_pb_testimonial_inner\"><div class=\"et_pb_testimonial_description\"><div class=\"et_pb_testimonial_description_inner\"><div class=\"et_pb_testimonial_content\"><p>\"Jaren geleden heeft deze geweldige zangeres me laten en leren zingen. Vervolgens tien jaar niks mee gedaan en nu, dankzij haar allereerste input (het is net als fietsen), aan een tweede carri\u00e9re als lyrisch tenor begonnen, naast mijn andere werk. Dankbaar nog altijd dat ze kennis en kunde op geheel unieke wijze heeft willen delen! Erica is en blijft mijn stralende ster!\"<\/p>\n<p>Reinout\u00a0<\/p>\n<\/div><\/div><div class=\"et_pb_testimonial_meta\"><\/div><\/div><\/div><\/div>\n\n<div class=\"et_pb_testimonial_5 et_pb_testimonial et_pb_icon_off et_pb_testimonial_no_image et_pb_bg_layout_light et_animated et_pb_module et_block_module\"><div class=\"et_pb_testimonial_inner\"><div class=\"et_pb_testimonial_description\"><div class=\"et_pb_testimonial_description_inner\"><div class=\"et_pb_testimonial_content\"><p>\"Ik vond het doodeng om voor iemand te zingen maar Erica stelt je erg op je gemak en trekt je langzaam uit je comfortzone. Ook staat ze open voor je eigen inbreng!\"<\/p>\n<p>\u00a0Valerie\u00a0<\/p>\n<\/div><\/div><div class=\"et_pb_testimonial_meta\"><\/div><\/div><\/div><\/div>\n<\/div>\n<\/div>\n<div class=\"et_pb_bottom_inside_divider et-no-transition\"><\/div><\/div>\n\n<div class=\"et_pb_section_6 et_pb_section et_section_regular et_block_section section_has_divider et_pb_bottom_divider\">\n<div class=\"et_pb_row_5 et_pb_row et_block_row\">\n<div class=\"et_pb_column_15 et_pb_column et_pb_column_4_4 et-last-child et_block_column et_pb_css_mix_blend_mode_passthrough\">\n<div class=\"et_pb_text_3 et_pb_text et_pb_bg_layout_light et_pb_module et_block_module et_pb_text_align_center\"><div class=\"et_pb_text_inner\"><h2>Praktische informatie<\/h2>\n<\/div><\/div>\n<\/div>\n<\/div>\n\n<div class=\"et_pb_row_6 et_pb_row et_pb_equal_columns et_pb_gutters1 et_block_row\">\n<div class=\"et_pb_column_16 et_pb_column et_pb_column_1_3 et_block_column et_pb_css_mix_blend_mode_passthrough\">\n<div class=\"et_pb_image_2 et_pb_image et_pb_image_sticky et_pb_module et_block_module\"><span class=\"et_pb_image_wrap\"><img decoding=\"async\" src=\"http:\/\/www.zangenzo.nl\/wp-content\/uploads\/2019\/02\/poort.jpg\" \/><\/span><\/div>\n\n<div class=\"et_pb_cta_3 et_pb_promo et_pb_bg_layout_light et_animated et_pb_module et_block_module\"><div class=\"et_pb_promo_description\"><h3 class=\"et_pb_module_header\">Waar?<\/h3><div class=\"et_pb_promo_content\"><h5 style=\"text-align: left;\">Kerkstraat 34<\/h5>\n<p style=\"text-align: left;\">5056 AC\u00a0 Berkel Enschot<\/p>\n<p style=\"text-align: left;\">Door de poort links van snackbar \"Foodplanet\"<\/p>\n<p style=\"text-align: left;\">\n<\/div><\/div><\/div>\n<\/div>\n\n<div class=\"et_pb_column_17 et_pb_column et_pb_column_1_3 et_block_column et_pb_css_mix_blend_mode_passthrough\">\n<div class=\"et_pb_image_3 et_pb_image et_pb_image_sticky et_pb_module et_block_module\"><span class=\"et_pb_image_wrap\"><img decoding=\"async\" src=\"http:\/\/www.zangenzo.nl\/wp-content\/uploads\/2019\/02\/foto-atelier.jpg\" \/><\/span><\/div>\n\n<div class=\"et_pb_cta_4 et_pb_promo et_pb_bg_layout_light et_animated et_pb_module et_block_module\"><div class=\"et_pb_promo_description\"><h3 class=\"et_pb_module_header\">Atelier  \"Zang en Zo\"...\u2026...<\/h3><div class=\"et_pb_promo_content\"><p>Eenmaal door de poort, loop je door tot je het atelier ziet waarin de lessen plaats vinden. Dit atelier deel ik met kunstenares Mathilde van der Meer<\/p>\n<\/div><\/div><\/div>\n<\/div>\n\n<div class=\"et_pb_column_18 et_pb_column et_pb_column_1_3 et-last-child et_block_column et_pb_css_mix_blend_mode_passthrough\">\n<div class=\"et_pb_image_4 et_pb_image et_pb_image_sticky et_pb_module et_block_module\"><span class=\"et_pb_image_wrap\"><img decoding=\"async\" src=\"http:\/\/www.zangenzo.nl\/wp-content\/uploads\/2018\/12\/piano2-1.jpg\" \/><\/span><\/div>\n\n<div class=\"et_pb_cta_5 et_pb_promo et_pb_bg_layout_light et_animated et_pb_module et_block_module\"><div class=\"et_pb_promo_description\"><h3 class=\"et_pb_module_header\">Een inspirerende ruimte.....<\/h3><div class=\"et_pb_promo_content\"><p>In dit sfeervolle atelier, waar schilderkunst en muziek samen komen geef ik mijn lessen. Een inspirerende omgeving!<\/p>\n<\/div><\/div><\/div>\n<\/div>\n<\/div>\n<div class=\"et_pb_bottom_inside_divider et-no-transition\"><\/div><\/div>","protected":false},"excerpt":{"rendered":"","protected":false},"author":1,"featured_media":0,"parent":0,"menu_order":0,"comment_status":"closed","ping_status":"closed","template":"","meta":{"footnotes":""},"class_list":["post-80","page","type-page","status-publish","hentry"],"_links":{"self":[{"href":"https:\/\/zangenzo.nl\/index.php\/wp-json\/wp\/v2\/pages\/80","targetHints":{"allow":["GET"]}}],"collection":[{"href":"https:\/\/zangenzo.nl\/index.php\/wp-json\/wp\/v2\/pages"}],"about":[{"href":"https:\/\/zangenzo.nl\/index.php\/wp-json\/wp\/v2\/types\/page"}],"author":[{"embeddable":true,"href":"https:\/\/zangenzo.nl\/index.php\/wp-json\/wp\/v2\/users\/1"}],"replies":[{"embeddable":true,"href":"https:\/\/zangenzo.nl\/index.php\/wp-json\/wp\/v2\/comments?post=80"}],"version-history":[{"count":8,"href":"https:\/\/zangenzo.nl\/index.php\/wp-json\/wp\/v2\/pages\/80\/revisions"}],"predecessor-version":[{"id":677,"href":"https:\/\/zangenzo.nl\/index.php\/wp-json\/wp\/v2\/pages\/80\/revisions\/677"}],"wp:attachment":[{"href":"https:\/\/zangenzo.nl\/index.php\/wp-json\/wp\/v2\/media?parent=80"}],"curies":[{"name":"wp","href":"https:\/\/api.w.org\/{rel}","templated":true}]}}